{"id":278,"date":"2017-03-01T11:37:22","date_gmt":"2017-03-01T11:37:22","guid":{"rendered":"https:\/\/plethorathemes.com\/healthflex\/conference\/?page_id=10"},"modified":"2025-04-14T11:28:51","modified_gmt":"2025-04-14T11:28:51","slug":"contact","status":"publish","type":"page","link":"https:\/\/asmbs.ro\/diagnosis\/contact\/","title":{"rendered":"Contact"},"content":{"rendered":"<div class=\"wpb-content-wrapper\"><p>[vc_row full_width=&#8221;0&#8243; full_height=&#8221;0&#8243; row_padding=&#8221;no_padding&#8221; particles=&#8221;0&#8243;][vc_column width=&#8221;7\/12&#8243; heading_align=&#8221;text-center&#8221; align=&#8221;text-left&#8221; margin=&#8221;margin_bottom_grid&#8221;][vc_column_text]<\/p>\n<p class=\"\" data-start=\"119\" data-end=\"133\"><strong data-start=\"119\" data-end=\"133\">Contact Us<\/strong><\/p>\n<p class=\"\" data-start=\"135\" data-end=\"265\">Thank you for your interest in the Diagnostics Congress! We are here to assist you with any inquiries or information you may need.<\/p>\n<p class=\"\" data-start=\"267\" data-end=\"424\">Whether you have questions about registration, the event schedule, speakers, or sponsorship opportunities, our team is ready to provide the answers you need.<\/p>\n<p class=\"\" data-start=\"426\" data-end=\"443\"><strong data-start=\"426\" data-end=\"443\">Get in Touch:<\/strong><\/p>\n<ul data-start=\"445\" data-end=\"616\">\n<li class=\"\" data-start=\"445\" data-end=\"521\">\n<p class=\"\" data-start=\"447\" data-end=\"521\"><strong data-start=\"447\" data-end=\"457\">Email: <a href=\"mailto:asmbsv@gmail.com\">asmbsv@gmail.com<\/a><\/strong><\/p>\n<\/li>\n<li class=\"\" data-start=\"522\" data-end=\"554\">\n<p class=\"\" data-start=\"524\" data-end=\"554\"><strong data-start=\"524\" data-end=\"534\">Phone:<\/strong> <a href=\"tel:+40 741 226 400\">+40 741 226 400<\/a><\/p>\n<\/li>\n<li class=\"\" data-start=\"555\" data-end=\"616\">\n<p class=\"\" data-start=\"557\" data-end=\"616\"><strong data-start=\"557\" data-end=\"569\">Address: <a href=\"https:\/\/www.google.com\/maps\/place\/https:\/\/maps.app.goo.gl\/KmZRN57F9x9gnUvq9\" target=\"_blank\" rel=\"noopener\">Strada Universit\u0103\u021bii 13, Suceava 720229<\/a><\/strong><\/p>\n<\/li>\n<\/ul>\n<p class=\"\" data-start=\"618\" data-end=\"691\"><strong data-start=\"618\" data-end=\"635\">Social Media:<\/strong><br data-start=\"635\" data-end=\"638\" \/>Follow us for the latest updates and announcements:<\/p>\n<ul data-start=\"692\" data-end=\"755\">\n<li class=\"\" data-start=\"692\" data-end=\"755\">\n<p class=\"\" data-start=\"694\" data-end=\"755\"><a href=\"https:\/\/www.facebook.com\/share\/15aaTPVt3o\/?mibextid=wwXIfr\" rel=\"noopener\" data-start=\"694\" data-end=\"707\">Facebook <\/a>| <a href=\"https:\/\/www.instagram.com\/diagnosiscongress\/\">Instagram <\/a><\/p>\n<\/li>\n<li class=\"\" data-start=\"692\" data-end=\"755\">\n<p class=\"\" data-start=\"694\" data-end=\"755\"><strong data-start=\"757\" data-end=\"777\">Event Inquiries:<\/strong><br data-start=\"777\" data-end=\"780\" \/>For specific questions about the event or future sponsorships, feel free to contact us directly at <a href=\"mailto:parteneriate.diagnosis@gmail.com\">parteneriate.diagnosis@gmail.com<\/a><\/p>\n<\/li>\n<\/ul>\n<p class=\"\" data-start=\"935\" data-end=\"1078\">Our team is dedicated to making your experience at the Diagnostics Congress smooth and informative. We look forward to seeing you at the event!<\/p>\n<p>[\/vc_column_text][\/vc_column][vc_column width=&#8221;1\/3&#8243; align=&#8221;text-left&#8221; color_set=&#8221;dark_section&#8221; boxed=&#8221;boxed_plus&#8221; css=&#8221;.vc_custom_1489749597002{padding-top: 50px !important;padding-bottom: 20px !important;}&#8221; offset=&#8221;vc_col-sm-offset-1&#8243;][vc_text_separator title=&#8221;DATE&#8221; title_align=&#8221;separator_align_left&#8221; align=&#8221;align_right&#8221; color=&#8221;black&#8221;][vc_column_text]<\/p>\n<h4>May 16\u201318, 2025<\/h4>\n<p>(Friday to Sunday)<\/p>\n<p><strong>16-18 mai, 2025<\/strong><\/p>\n<p>(De vineri p\u00e2n\u0103 duminic\u0103)[\/vc_column_text][vc_text_separator title=&#8221;VENUE&#8221; title_align=&#8221;separator_align_left&#8221; align=&#8221;align_right&#8221; color=&#8221;black&#8221;][vc_column_text]<\/p>\n<h4 class=\"qrShPb pXs6bb PZPZlf q8U8x aTI8gc hNKfZe\" data-dtype=\"d3ifr\" data-local-attribute=\"d3bn\" data-attrid=\"title\" data-ved=\"2ahUKEwj22IKVqZaMAxUKhf0HHexyD2sQ3B0oAHoECEoQAQ\">Universitatea \u201e\u0218tefan cel Mare\u201d din Suceava<\/h4>\n<p>Strada Universit\u0103\u021bii 13, Suceava 720229[\/vc_column_text][\/vc_column][vc_column][vc_single_image image=&#8221;649&#8243; img_size=&#8221;full&#8221;][\/vc_column][\/vc_row][vc_row full_width=&#8221;0&#8243; full_height=&#8221;0&#8243; row_padding=&#8221;no_padding&#8221; cols_padding=&#8221;no_cols_padding&#8221; background=&#8221;transparent&#8221; el_class=&#8221;folded_section&#8221;][vc_column width=&#8221;1\/4&#8243; color_set=&#8221;skincolored_section&#8221; background=&#8221;transparent&#8221; offset=&#8221;vc_col-xs-6&#8243;]<!-- ========================== TEASER BOX ==========================-->\n<div class=\"teaser_box wpb_content_element text-center  transparent boxed same_height_col  with_button    \">\n\n  <div class=\"figure transparent\">\n\n\n      <a href=\"https:\/\/plethorathemes.com\/healthflex\/conference\/program\/\" debug title=\"\" target=\"\"> \n\n        \n        \n        \n         <img decoding=\"async\" src=\"https:\/\/asmbs.ro\/diagnosis\/wp-content\/uploads\/2017\/03\/CONFERENCE-HALL_w-1.png\" alt=\"Programme\">   \n\n        \n\n    <\/a>\n\n  <\/div>\n\n\n\n  <div class=\"content text-center   with_button \">\n    \n    <div class=\"hgroup\">\n       <h4 class=\"neutralize_links\">\n       Programme\n       <\/h4>\n       <p>Presentations &amp; Workshops<\/p> \n    <\/div>\n\n    \n\n    <div class=\"link centered\">\n        <a href=\"https:\/\/plethorathemes.com\/healthflex\/conference\/program\/\"  target=\"\" class=\"btn btn-xs btn-secondary\"><strong>More<\/strong><\/a>\n    <\/div>\n\n  <\/div>\n\n<\/div>\n\n<!-- END======================= TEASER BOX ==========================-->[\/vc_column][vc_column width=&#8221;1\/4&#8243; color_set=&#8221;skincolored_section&#8221; background=&#8221;transparent&#8221; offset=&#8221;vc_col-xs-6&#8243; css=&#8221;.vc_custom_1447875610924{background-color: #269cff !important;}&#8221;]<!-- ========================== TEASER BOX ==========================-->\n<div class=\"teaser_box wpb_content_element text-center  transparent boxed same_height_col  with_button    \">\n\n  <div class=\"figure transparent\">\n\n\n      <a href=\"https:\/\/plethorathemes.com\/healthflex\/conference\/speakers\/\" debug title=\"\" target=\"\"> \n\n        \n        \n        \n         <img decoding=\"async\" src=\"https:\/\/asmbs.ro\/diagnosis\/wp-content\/uploads\/2017\/03\/MANAGEMET_w-1.png\" alt=\"Speakers\">   \n\n        \n\n    <\/a>\n\n  <\/div>\n\n\n\n  <div class=\"content text-center   with_button \">\n    \n    <div class=\"hgroup\">\n       <h4 class=\"neutralize_links\">\n       Speakers\n       <\/h4>\n       <p>Get to know our Speakers<\/p> \n    <\/div>\n\n    \n\n    <div class=\"link centered\">\n        <a href=\"https:\/\/plethorathemes.com\/healthflex\/conference\/speakers\/\"  target=\"\" class=\"btn btn-xs btn-secondary\"><strong>More<\/strong><\/a>\n    <\/div>\n\n  <\/div>\n\n<\/div>\n\n<!-- END======================= TEASER BOX ==========================-->[\/vc_column][vc_column width=&#8221;1\/4&#8243; color_set=&#8221;skincolored_section&#8221; offset=&#8221;vc_col-xs-6&#8243;]<!-- ========================== TEASER BOX ==========================-->\n<div class=\"teaser_box wpb_content_element text-center  transparent boxed same_height_col  with_button    \">\n\n  <div class=\"figure transparent\">\n\n\n      <a href=\"https:\/\/plethorathemes.com\/healthflex\/conference\/abstract-submission\/\" debug title=\"\" target=\"\"> \n\n        \n        \n        \n         <img decoding=\"async\" src=\"https:\/\/asmbs.ro\/diagnosis\/wp-content\/uploads\/2017\/03\/CREATIVE-BRIEF_w-1.png\" alt=\"Submit Abstract\">   \n\n        \n\n    <\/a>\n\n  <\/div>\n\n\n\n  <div class=\"content text-center   with_button \">\n    \n    <div class=\"hgroup\">\n       <h4 class=\"neutralize_links\">\n       Submit Abstract\n       <\/h4>\n       <p>Until April 30<\/p> \n    <\/div>\n\n    \n\n    <div class=\"link centered\">\n        <a href=\"https:\/\/plethorathemes.com\/healthflex\/conference\/abstract-submission\/\"  target=\"\" class=\"btn btn-xs btn-secondary\"><strong>More<\/strong><\/a>\n    <\/div>\n\n  <\/div>\n\n<\/div>\n\n<!-- END======================= TEASER BOX ==========================-->[\/vc_column][vc_column width=&#8221;1\/4&#8243; color_set=&#8221;secondary_section&#8221; background=&#8221;transparent&#8221; offset=&#8221;vc_col-xs-6&#8243; css=&#8221;.vc_custom_1488913415051{background-color: #269cff !important;}&#8221;]<!-- ========================== TEASER BOX ==========================-->\n<div class=\"teaser_box wpb_content_element text-center  transparent boxed same_height_col  with_button    \">\n\n  <div class=\"figure transparent\">\n\n\n      <a href=\"https:\/\/plethorathemes.com\/healthflex\/conference\/registration\/\" debug title=\"\" target=\"\"> \n\n        \n        \n        \n         <img decoding=\"async\" src=\"https:\/\/asmbs.ro\/diagnosis\/wp-content\/uploads\/2017\/03\/COMMENT_w-1.png\" alt=\"Register Online\">   \n\n        \n\n    <\/a>\n\n  <\/div>\n\n\n\n  <div class=\"content text-center   with_button \">\n    \n    <div class=\"hgroup\">\n       <h4 class=\"neutralize_links\">\n       Register Online\n       <\/h4>\n       <p>Call us or fill in a form<\/p> \n    <\/div>\n\n    \n\n    <div class=\"link centered\">\n        <a href=\"https:\/\/plethorathemes.com\/healthflex\/conference\/registration\/\"  target=\"\" class=\"btn btn-xs btn-secondary\"><strong>More<\/strong><\/a>\n    <\/div>\n\n  <\/div>\n\n<\/div>\n\n<!-- END======================= TEASER BOX ==========================-->[\/vc_column][\/vc_row]<\/p>\n<\/div>","protected":false},"excerpt":{"rendered":"<p>[vc_row full_width=&#8221;0&#8243; full_height=&#8221;0&#8243; row_padding=&#8221;no_padding&#8221; particles=&#8221;0&#8243;][vc_column width=&#8221;7\/12&#8243; heading_align=&#8221;text-center&#8221; align=&#8221;text-left&#8221; margin=&#8221;margin_bottom_grid&#8221;][vc_column_text] Contact Us Thank you for your interest in the Diagnostics Congress! We are here to assist you with any inquiries or information you may need. Whether you have questions about registration, the event schedule, speakers, or sponsorship opportunities, our team is ready to provide the answers [&hellip;]<\/p>\n","protected":false},"author":1,"featured_media":0,"parent":0,"menu_order":0,"comment_status":"closed","ping_status":"closed","template":"","meta":{"footnotes":""},"class_list":["post-278","page","type-page","status-publish","hentry"],"yoast_head":"<!-- This site is optimized with the Yoast SEO plugin v24.8.1 - https:\/\/yoast.com\/wordpress\/plugins\/seo\/ -->\n<title>Contact - Diagnosis<\/title>\n<meta name=\"robots\" content=\"index, follow, max-snippet:-1, max-image-preview:large, max-video-preview:-1\" \/>\n<link rel=\"canonical\" href=\"https:\/\/asmbs.ro\/diagnosis\/contact\/\" \/>\n<meta property=\"og:locale\" content=\"en_US\" \/>\n<meta property=\"og:type\" content=\"article\" \/>\n<meta property=\"og:title\" content=\"Contact - Diagnosis\" \/>\n<meta property=\"og:description\" content=\"[vc_row full_width=&#8221;0&#8243; full_height=&#8221;0&#8243; row_padding=&#8221;no_padding&#8221; particles=&#8221;0&#8243;][vc_column width=&#8221;7\/12&#8243; heading_align=&#8221;text-center&#8221; align=&#8221;text-left&#8221; margin=&#8221;margin_bottom_grid&#8221;][vc_column_text] Contact Us Thank you for your interest in the Diagnostics Congress! We are here to assist you with any inquiries or information you may need. Whether you have questions about registration, the event schedule, speakers, or sponsorship opportunities, our team is ready to provide the answers [&hellip;]\" \/>\n<meta property=\"og:url\" content=\"https:\/\/asmbs.ro\/diagnosis\/contact\/\" \/>\n<meta property=\"og:site_name\" content=\"Diagnosis\" \/>\n<meta property=\"article:modified_time\" content=\"2025-04-14T11:28:51+00:00\" \/>\n<meta name=\"twitter:card\" content=\"summary_large_image\" \/>\n<meta name=\"twitter:label1\" content=\"Est. reading time\" \/>\n\t<meta name=\"twitter:data1\" content=\"3 minutes\" \/>\n<script type=\"application\/ld+json\" class=\"yoast-schema-graph\">{\"@context\":\"https:\/\/schema.org\",\"@graph\":[{\"@type\":\"WebPage\",\"@id\":\"https:\/\/asmbs.ro\/diagnosis\/contact\/\",\"url\":\"https:\/\/asmbs.ro\/diagnosis\/contact\/\",\"name\":\"Contact - Diagnosis\",\"isPartOf\":{\"@id\":\"https:\/\/asmbs.ro\/diagnosis\/#website\"},\"datePublished\":\"2017-03-01T11:37:22+00:00\",\"dateModified\":\"2025-04-14T11:28:51+00:00\",\"breadcrumb\":{\"@id\":\"https:\/\/asmbs.ro\/diagnosis\/contact\/#breadcrumb\"},\"inLanguage\":\"en-US\",\"potentialAction\":[{\"@type\":\"ReadAction\",\"target\":[\"https:\/\/asmbs.ro\/diagnosis\/contact\/\"]}]},{\"@type\":\"BreadcrumbList\",\"@id\":\"https:\/\/asmbs.ro\/diagnosis\/contact\/#breadcrumb\",\"itemListElement\":[{\"@type\":\"ListItem\",\"position\":1,\"name\":\"Home\",\"item\":\"https:\/\/asmbs.ro\/diagnosis\/\"},{\"@type\":\"ListItem\",\"position\":2,\"name\":\"Contact\"}]},{\"@type\":\"WebSite\",\"@id\":\"https:\/\/asmbs.ro\/diagnosis\/#website\",\"url\":\"https:\/\/asmbs.ro\/diagnosis\/\",\"name\":\"Diagnosis\",\"description\":\"\",\"potentialAction\":[{\"@type\":\"SearchAction\",\"target\":{\"@type\":\"EntryPoint\",\"urlTemplate\":\"https:\/\/asmbs.ro\/diagnosis\/?s={search_term_string}\"},\"query-input\":{\"@type\":\"PropertyValueSpecification\",\"valueRequired\":true,\"valueName\":\"search_term_string\"}}],\"inLanguage\":\"en-US\"}]}<\/script>\n<!-- \/ Yoast SEO plugin. -->","yoast_head_json":{"title":"Contact - Diagnosis","robots":{"index":"index","follow":"follow","max-snippet":"max-snippet:-1","max-image-preview":"max-image-preview:large","max-video-preview":"max-video-preview:-1"},"canonical":"https:\/\/asmbs.ro\/diagnosis\/contact\/","og_locale":"en_US","og_type":"article","og_title":"Contact - Diagnosis","og_description":"[vc_row full_width=&#8221;0&#8243; full_height=&#8221;0&#8243; row_padding=&#8221;no_padding&#8221; particles=&#8221;0&#8243;][vc_column width=&#8221;7\/12&#8243; heading_align=&#8221;text-center&#8221; align=&#8221;text-left&#8221; margin=&#8221;margin_bottom_grid&#8221;][vc_column_text] Contact Us Thank you for your interest in the Diagnostics Congress! We are here to assist you with any inquiries or information you may need. Whether you have questions about registration, the event schedule, speakers, or sponsorship opportunities, our team is ready to provide the answers [&hellip;]","og_url":"https:\/\/asmbs.ro\/diagnosis\/contact\/","og_site_name":"Diagnosis","article_modified_time":"2025-04-14T11:28:51+00:00","twitter_card":"summary_large_image","twitter_misc":{"Est. reading time":"3 minutes"},"schema":{"@context":"https:\/\/schema.org","@graph":[{"@type":"WebPage","@id":"https:\/\/asmbs.ro\/diagnosis\/contact\/","url":"https:\/\/asmbs.ro\/diagnosis\/contact\/","name":"Contact - Diagnosis","isPartOf":{"@id":"https:\/\/asmbs.ro\/diagnosis\/#website"},"datePublished":"2017-03-01T11:37:22+00:00","dateModified":"2025-04-14T11:28:51+00:00","breadcrumb":{"@id":"https:\/\/asmbs.ro\/diagnosis\/contact\/#breadcrumb"},"inLanguage":"en-US","potentialAction":[{"@type":"ReadAction","target":["https:\/\/asmbs.ro\/diagnosis\/contact\/"]}]},{"@type":"BreadcrumbList","@id":"https:\/\/asmbs.ro\/diagnosis\/contact\/#breadcrumb","itemListElement":[{"@type":"ListItem","position":1,"name":"Home","item":"https:\/\/asmbs.ro\/diagnosis\/"},{"@type":"ListItem","position":2,"name":"Contact"}]},{"@type":"WebSite","@id":"https:\/\/asmbs.ro\/diagnosis\/#website","url":"https:\/\/asmbs.ro\/diagnosis\/","name":"Diagnosis","description":"","potentialAction":[{"@type":"SearchAction","target":{"@type":"EntryPoint","urlTemplate":"https:\/\/asmbs.ro\/diagnosis\/?s={search_term_string}"},"query-input":{"@type":"PropertyValueSpecification","valueRequired":true,"valueName":"search_term_string"}}],"inLanguage":"en-US"}]}},"_links":{"self":[{"href":"https:\/\/asmbs.ro\/diagnosis\/wp-json\/wp\/v2\/pages\/278","targetHints":{"allow":["GET"]}}],"collection":[{"href":"https:\/\/asmbs.ro\/diagnosis\/wp-json\/wp\/v2\/pages"}],"about":[{"href":"https:\/\/asmbs.ro\/diagnosis\/wp-json\/wp\/v2\/types\/page"}],"author":[{"embeddable":true,"href":"https:\/\/asmbs.ro\/diagnosis\/wp-json\/wp\/v2\/users\/1"}],"replies":[{"embeddable":true,"href":"https:\/\/asmbs.ro\/diagnosis\/wp-json\/wp\/v2\/comments?post=278"}],"version-history":[{"count":6,"href":"https:\/\/asmbs.ro\/diagnosis\/wp-json\/wp\/v2\/pages\/278\/revisions"}],"predecessor-version":[{"id":681,"href":"https:\/\/asmbs.ro\/diagnosis\/wp-json\/wp\/v2\/pages\/278\/revisions\/681"}],"wp:attachment":[{"href":"https:\/\/asmbs.ro\/diagnosis\/wp-json\/wp\/v2\/media?parent=278"}],"curies":[{"name":"wp","href":"https:\/\/api.w.org\/{rel}","templated":true}]}}