{"id":277,"date":"2017-03-01T11:37:01","date_gmt":"2017-03-01T11:37:01","guid":{"rendered":"https:\/\/plethorathemes.com\/healthflex\/conference\/?page_id=8"},"modified":"2025-05-06T18:49:06","modified_gmt":"2025-05-06T18:49:06","slug":"registration","status":"publish","type":"page","link":"https:\/\/asmbs.ro\/diagnosis\/registration\/","title":{"rendered":"Registration"},"content":{"rendered":"<div class=\"wpb-content-wrapper\"><p>[vc_row full_width=&#8221;0&#8243; full_height=&#8221;0&#8243; row_padding=&#8221;no_padding&#8221; particles=&#8221;0&#8243;][vc_column width=&#8221;2\/3&#8243; heading_align=&#8221;text-center&#8221; align=&#8221;text-left&#8221; margin=&#8221;margin_bottom_grid&#8221;][vc_btn title=&#8221;Register Now for the Conference&#8221; style=&#8221;flat&#8221; shape=&#8221;square&#8221; color=&#8221;juicy-pink&#8221; size=&#8221;lg&#8221; i_icon_fontawesome=&#8221;fab fa-wpforms&#8221; add_icon=&#8221;true&#8221; link=&#8221;url:https%3A%2F%2Fforms.gle%2Frt23G949W8iYYE6s5&#8243;][vc_single_image image=&#8221;584&#8243; img_size=&#8221;medium&#8221;][vc_column_text]Registration period: 1st of April &#8211; 11th of May<\/p>\n<p>Perioada de \u00eenscrieri: 1 aprilie &#8211; 11 mai<\/p>\n<p>&nbsp;<\/p>\n<p><strong>Step 1<\/strong> &#8211; Pay the participation fee to the ASMBS account:<\/p>\n<p class=\"mt-3\">Banca Transilvania Account : RO64BTRLRONCRT0CX6068901<\/p>\n<p class=\"mt-3\">Exim Bank Account &#8211; Banca Rom\u00e2neasc\u0103: RO11BRMA0999100097147339<\/p>\n<p>Under payment details, please specify &#8220;Diagnosis congress&#8221;<\/p>\n<p><strong>Step 2<\/strong> &#8211; Attach your proof of payment in the form above.<\/p>\n<p>Thank you!<\/p>\n<p>&nbsp;<\/p>\n<div class=\"col-md-auto mt-3 text-center\">\n<p class=\"mt-3\" style=\"text-align: left;\"><b>Pasul 1<\/b> &#8211; Achitarea taxei de participare \u00een contul ASMBS:<\/p>\n<p class=\"mt-3\" style=\"text-align: left;\">Cont Banca Transilvania: RO64BTRLRONCRT0CX6068901<\/p>\n<p class=\"mt-3\" style=\"text-align: left;\">Cont Exim Bank- Banca Rom\u00e2neasc\u0103: RO11BRMA0999100097147339<\/p>\n<p class=\"mt-3\" style=\"text-align: left;\">La detalii plat\u0103, se va specifica \u201eDiagnosis congress&#8221;<\/p>\n<p style=\"text-align: left;\"><strong>Pasul 2\u00a0<\/strong>&#8211; Ata\u0219area dovezii de plat\u0103 o g\u0103si\u021bi \u00een formularul de mai sus.<\/p>\n<p style=\"text-align: left;\">Va mul\u021bumim!<\/p>\n<\/div>\n<p>[\/vc_column_text][vc_empty_space][vc_text_separator title=&#8221;DATE&#8221; title_align=&#8221;separator_align_left&#8221; align=&#8221;align_right&#8221; color=&#8221;black&#8221;][vc_column_text]<\/p>\n<h4>May 16\u201318, 2025<\/h4>\n<p>(Friday to Sunday)<\/p>\n<p><strong>16-18 mai, 2025<\/strong><\/p>\n<p style=\"text-align: left;\">(De vineri p\u00e2n\u0103 duminic\u0103)<\/p>\n<p>[\/vc_column_text][vc_empty_space][vc_text_separator title=&#8221;VENUE&#8221; title_align=&#8221;separator_align_left&#8221; align=&#8221;align_right&#8221; color=&#8221;black&#8221;][vc_column_text]<\/p>\n<h4 class=\"qrShPb pXs6bb PZPZlf q8U8x aTI8gc hNKfZe\" data-dtype=\"d3ifr\" data-local-attribute=\"d3bn\" data-attrid=\"title\" data-ved=\"2ahUKEwj22IKVqZaMAxUKhf0HHexyD2sQ3B0oAHoECEoQAQ\">Universitatea \u201e\u0218tefan cel Mare\u201d din Suceava<\/h4>\n<p>Strada Universit\u0103\u021bii 13, Suceava 720229[\/vc_column_text][\/vc_column][vc_column width=&#8221;1\/3&#8243; align=&#8221;text-left&#8221;][vc_empty_space height=&#8221;80px&#8221;]<div class=\"pricing_plan light_section  \">  \n\n\n  <div style=\"background-image:url(https:\/\/asmbs.ro\/diagnosis\/wp-content\/themes\/healthflex\/features\/shortcode\/pricingplan\/GPlay.svg);\" class=\"plan_title light_section\">\n    <h3>Student Volunteer<\/h3>\n    <p>Reduced Registration Fees<\/p>\n  <\/div>\n  <div class=\"the_price light_section\">30 RON<small>\/person<\/small><\/div>\n  <div class=\"the_offerings hidden\">\n  \n\n\n  <\/div>\n\n<\/div>[vc_empty_space]<div class=\"pricing_plan skincolored_section  \">  \n\n\n  <div style=\"background-image:url(https:\/\/asmbs.ro\/diagnosis\/wp-content\/themes\/healthflex\/features\/shortcode\/pricingplan\/GPlay.svg);\" class=\"plan_title skincolored_section\">\n    <h3>Active Participant<\/h3>\n    <p>With paper<\/p>\n  <\/div>\n  <div class=\"the_price skincolored_section\">30 RON<small>\/person<\/small><\/div>\n  <div class=\"the_offerings hidden\">\n  \n\n\n  <\/div>\n\n<\/div>[vc_empty_space]<div class=\"pricing_plan secondary_section  \">  \n\n\n  <div style=\"background-image:url(https:\/\/asmbs.ro\/diagnosis\/wp-content\/themes\/healthflex\/features\/shortcode\/pricingplan\/GPlay.svg);\" class=\"plan_title secondary_section\">\n    <h3>Passive<\/h3>\n    <p>Without paper<\/p>\n  <\/div>\n  <div class=\"the_price secondary_section\">40 RON<small>\/person<\/small><\/div>\n  <div class=\"the_offerings hidden\">\n  \n\n\n  <\/div>\n\n<\/div>[\/vc_column][\/vc_row][vc_row full_width=&#8221;0&#8243; full_height=&#8221;0&#8243; row_padding=&#8221;no_padding&#8221; particles=&#8221;0&#8243;][vc_column][vc_single_image image=&#8221;249&#8243; img_size=&#8221;full&#8221; alignment=&#8221;center&#8221; css_animation=&#8221;fadeInUp&#8221; css=&#8221;.vc_custom_1744292666245{margin-bottom: 0px !important;}&#8221;][\/vc_column][\/vc_row]<\/p>\n<\/div>","protected":false},"excerpt":{"rendered":"<p>[vc_row full_width=&#8221;0&#8243; full_height=&#8221;0&#8243; row_padding=&#8221;no_padding&#8221; particles=&#8221;0&#8243;][vc_column width=&#8221;2\/3&#8243; heading_align=&#8221;text-center&#8221; align=&#8221;text-left&#8221; margin=&#8221;margin_bottom_grid&#8221;][vc_btn title=&#8221;Register Now for the Conference&#8221; style=&#8221;flat&#8221; shape=&#8221;square&#8221; color=&#8221;juicy-pink&#8221; size=&#8221;lg&#8221; i_icon_fontawesome=&#8221;fab fa-wpforms&#8221; add_icon=&#8221;true&#8221; link=&#8221;url:https%3A%2F%2Fforms.gle%2Frt23G949W8iYYE6s5&#8243;][vc_single_image image=&#8221;584&#8243; img_size=&#8221;medium&#8221;][vc_column_text]Registration period: 1st of April &#8211; 11th of May Perioada de \u00eenscrieri: 1 aprilie &#8211; 11 mai &nbsp; Step 1 &#8211; Pay the participation fee to the ASMBS account: Banca Transilvania Account [&hellip;]<\/p>\n","protected":false},"author":1,"featured_media":0,"parent":0,"menu_order":0,"comment_status":"closed","ping_status":"closed","template":"","meta":{"footnotes":""},"class_list":["post-277","page","type-page","status-publish","hentry"],"yoast_head":"<!-- This site is optimized with the Yoast SEO plugin v24.8.1 - https:\/\/yoast.com\/wordpress\/plugins\/seo\/ -->\n<title>Registration - Diagnosis<\/title>\n<meta name=\"robots\" content=\"index, follow, max-snippet:-1, max-image-preview:large, max-video-preview:-1\" \/>\n<link rel=\"canonical\" href=\"https:\/\/asmbs.ro\/diagnosis\/registration\/\" \/>\n<meta property=\"og:locale\" content=\"en_US\" \/>\n<meta property=\"og:type\" content=\"article\" \/>\n<meta property=\"og:title\" content=\"Registration - Diagnosis\" \/>\n<meta property=\"og:description\" content=\"[vc_row full_width=&#8221;0&#8243; full_height=&#8221;0&#8243; row_padding=&#8221;no_padding&#8221; particles=&#8221;0&#8243;][vc_column width=&#8221;2\/3&#8243; heading_align=&#8221;text-center&#8221; align=&#8221;text-left&#8221; margin=&#8221;margin_bottom_grid&#8221;][vc_btn title=&#8221;Register Now for the Conference&#8221; style=&#8221;flat&#8221; shape=&#8221;square&#8221; color=&#8221;juicy-pink&#8221; size=&#8221;lg&#8221; i_icon_fontawesome=&#8221;fab fa-wpforms&#8221; add_icon=&#8221;true&#8221; link=&#8221;url:https%3A%2F%2Fforms.gle%2Frt23G949W8iYYE6s5&#8243;][vc_single_image image=&#8221;584&#8243; img_size=&#8221;medium&#8221;][vc_column_text]Registration period: 1st of April &#8211; 11th of May Perioada de \u00eenscrieri: 1 aprilie &#8211; 11 mai &nbsp; Step 1 &#8211; Pay the participation fee to the ASMBS account: Banca Transilvania Account [&hellip;]\" \/>\n<meta property=\"og:url\" content=\"https:\/\/asmbs.ro\/diagnosis\/registration\/\" \/>\n<meta property=\"og:site_name\" content=\"Diagnosis\" \/>\n<meta property=\"article:modified_time\" content=\"2025-05-06T18:49:06+00:00\" \/>\n<meta name=\"twitter:card\" content=\"summary_large_image\" \/>\n<meta name=\"twitter:label1\" content=\"Est. reading time\" \/>\n\t<meta name=\"twitter:data1\" content=\"2 minutes\" \/>\n<script type=\"application\/ld+json\" class=\"yoast-schema-graph\">{\"@context\":\"https:\/\/schema.org\",\"@graph\":[{\"@type\":\"WebPage\",\"@id\":\"https:\/\/asmbs.ro\/diagnosis\/registration\/\",\"url\":\"https:\/\/asmbs.ro\/diagnosis\/registration\/\",\"name\":\"Registration - Diagnosis\",\"isPartOf\":{\"@id\":\"https:\/\/asmbs.ro\/diagnosis\/#website\"},\"datePublished\":\"2017-03-01T11:37:01+00:00\",\"dateModified\":\"2025-05-06T18:49:06+00:00\",\"breadcrumb\":{\"@id\":\"https:\/\/asmbs.ro\/diagnosis\/registration\/#breadcrumb\"},\"inLanguage\":\"en-US\",\"potentialAction\":[{\"@type\":\"ReadAction\",\"target\":[\"https:\/\/asmbs.ro\/diagnosis\/registration\/\"]}]},{\"@type\":\"BreadcrumbList\",\"@id\":\"https:\/\/asmbs.ro\/diagnosis\/registration\/#breadcrumb\",\"itemListElement\":[{\"@type\":\"ListItem\",\"position\":1,\"name\":\"Home\",\"item\":\"https:\/\/asmbs.ro\/diagnosis\/\"},{\"@type\":\"ListItem\",\"position\":2,\"name\":\"Registration\"}]},{\"@type\":\"WebSite\",\"@id\":\"https:\/\/asmbs.ro\/diagnosis\/#website\",\"url\":\"https:\/\/asmbs.ro\/diagnosis\/\",\"name\":\"Diagnosis\",\"description\":\"\",\"potentialAction\":[{\"@type\":\"SearchAction\",\"target\":{\"@type\":\"EntryPoint\",\"urlTemplate\":\"https:\/\/asmbs.ro\/diagnosis\/?s={search_term_string}\"},\"query-input\":{\"@type\":\"PropertyValueSpecification\",\"valueRequired\":true,\"valueName\":\"search_term_string\"}}],\"inLanguage\":\"en-US\"}]}<\/script>\n<!-- \/ Yoast SEO plugin. -->","yoast_head_json":{"title":"Registration - Diagnosis","robots":{"index":"index","follow":"follow","max-snippet":"max-snippet:-1","max-image-preview":"max-image-preview:large","max-video-preview":"max-video-preview:-1"},"canonical":"https:\/\/asmbs.ro\/diagnosis\/registration\/","og_locale":"en_US","og_type":"article","og_title":"Registration - Diagnosis","og_description":"[vc_row full_width=&#8221;0&#8243; full_height=&#8221;0&#8243; row_padding=&#8221;no_padding&#8221; particles=&#8221;0&#8243;][vc_column width=&#8221;2\/3&#8243; heading_align=&#8221;text-center&#8221; align=&#8221;text-left&#8221; margin=&#8221;margin_bottom_grid&#8221;][vc_btn title=&#8221;Register Now for the Conference&#8221; style=&#8221;flat&#8221; shape=&#8221;square&#8221; color=&#8221;juicy-pink&#8221; size=&#8221;lg&#8221; i_icon_fontawesome=&#8221;fab fa-wpforms&#8221; add_icon=&#8221;true&#8221; link=&#8221;url:https%3A%2F%2Fforms.gle%2Frt23G949W8iYYE6s5&#8243;][vc_single_image image=&#8221;584&#8243; img_size=&#8221;medium&#8221;][vc_column_text]Registration period: 1st of April &#8211; 11th of May Perioada de \u00eenscrieri: 1 aprilie &#8211; 11 mai &nbsp; Step 1 &#8211; Pay the participation fee to the ASMBS account: Banca Transilvania Account [&hellip;]","og_url":"https:\/\/asmbs.ro\/diagnosis\/registration\/","og_site_name":"Diagnosis","article_modified_time":"2025-05-06T18:49:06+00:00","twitter_card":"summary_large_image","twitter_misc":{"Est. reading time":"2 minutes"},"schema":{"@context":"https:\/\/schema.org","@graph":[{"@type":"WebPage","@id":"https:\/\/asmbs.ro\/diagnosis\/registration\/","url":"https:\/\/asmbs.ro\/diagnosis\/registration\/","name":"Registration - Diagnosis","isPartOf":{"@id":"https:\/\/asmbs.ro\/diagnosis\/#website"},"datePublished":"2017-03-01T11:37:01+00:00","dateModified":"2025-05-06T18:49:06+00:00","breadcrumb":{"@id":"https:\/\/asmbs.ro\/diagnosis\/registration\/#breadcrumb"},"inLanguage":"en-US","potentialAction":[{"@type":"ReadAction","target":["https:\/\/asmbs.ro\/diagnosis\/registration\/"]}]},{"@type":"BreadcrumbList","@id":"https:\/\/asmbs.ro\/diagnosis\/registration\/#breadcrumb","itemListElement":[{"@type":"ListItem","position":1,"name":"Home","item":"https:\/\/asmbs.ro\/diagnosis\/"},{"@type":"ListItem","position":2,"name":"Registration"}]},{"@type":"WebSite","@id":"https:\/\/asmbs.ro\/diagnosis\/#website","url":"https:\/\/asmbs.ro\/diagnosis\/","name":"Diagnosis","description":"","potentialAction":[{"@type":"SearchAction","target":{"@type":"EntryPoint","urlTemplate":"https:\/\/asmbs.ro\/diagnosis\/?s={search_term_string}"},"query-input":{"@type":"PropertyValueSpecification","valueRequired":true,"valueName":"search_term_string"}}],"inLanguage":"en-US"}]}},"_links":{"self":[{"href":"https:\/\/asmbs.ro\/diagnosis\/wp-json\/wp\/v2\/pages\/277","targetHints":{"allow":["GET"]}}],"collection":[{"href":"https:\/\/asmbs.ro\/diagnosis\/wp-json\/wp\/v2\/pages"}],"about":[{"href":"https:\/\/asmbs.ro\/diagnosis\/wp-json\/wp\/v2\/types\/page"}],"author":[{"embeddable":true,"href":"https:\/\/asmbs.ro\/diagnosis\/wp-json\/wp\/v2\/users\/1"}],"replies":[{"embeddable":true,"href":"https:\/\/asmbs.ro\/diagnosis\/wp-json\/wp\/v2\/comments?post=277"}],"version-history":[{"count":16,"href":"https:\/\/asmbs.ro\/diagnosis\/wp-json\/wp\/v2\/pages\/277\/revisions"}],"predecessor-version":[{"id":700,"href":"https:\/\/asmbs.ro\/diagnosis\/wp-json\/wp\/v2\/pages\/277\/revisions\/700"}],"wp:attachment":[{"href":"https:\/\/asmbs.ro\/diagnosis\/wp-json\/wp\/v2\/media?parent=277"}],"curies":[{"name":"wp","href":"https:\/\/api.w.org\/{rel}","templated":true}]}}